{"id":63,"date":"2020-10-09T01:59:35","date_gmt":"2020-10-08T22:59:35","guid":{"rendered":"http:\/\/temalar7.temadijital.com\/maksi\/?page_id=63"},"modified":"2020-10-24T11:42:45","modified_gmt":"2020-10-24T08:42:45","slug":"musteri-yorumlari","status":"publish","type":"page","link":"http:\/\/temalar7.temadijital.com\/maksi\/musteri-yorumlari\/","title":{"rendered":"M\u00fc\u015fteri Yorumlar\u0131"},"content":{"rendered":"","protected":false},"excerpt":{"rendered":"","protected":false},"author":1,"featured_media":0,"parent":0,"menu_order":0,"comment_status":"closed","ping_status":"closed","template":"template-comments.php","meta":[],"_links":{"self":[{"href":"http:\/\/temalar7.temadijital.com\/maksi\/wp-json\/wp\/v2\/pages\/63"}],"collection":[{"href":"http:\/\/temalar7.temadijital.com\/maksi\/wp-json\/wp\/v2\/pages"}],"about":[{"href":"http:\/\/temalar7.temadijital.com\/maksi\/wp-json\/wp\/v2\/types\/page"}],"author":[{"embeddable":true,"href":"http:\/\/temalar7.temadijital.com\/maksi\/wp-json\/wp\/v2\/users\/1"}],"replies":[{"embeddable":true,"href":"http:\/\/temalar7.temadijital.com\/maksi\/wp-json\/wp\/v2\/comments?post=63"}],"version-history":[{"count":2,"href":"http:\/\/temalar7.temadijital.com\/maksi\/wp-json\/wp\/v2\/pages\/63\/revisions"}],"predecessor-version":[{"id":101,"href":"http:\/\/temalar7.temadijital.com\/maksi\/wp-json\/wp\/v2\/pages\/63\/revisions\/101"}],"wp:attachment":[{"href":"http:\/\/temalar7.temadijital.com\/maksi\/wp-json\/wp\/v2\/media?parent=63"}],"curies":[{"name":"wp","href":"https:\/\/api.w.org\/{rel}","templated":true}]}}